{"id":21735,"date":"2022-09-17T20:31:25","date_gmt":"2022-09-17T20:31:25","guid":{"rendered":"http:\/\/masfacades2.local\/polityka-prywatnosci\/"},"modified":"2023-03-29T12:22:31","modified_gmt":"2023-03-29T12:22:31","slug":"polityka-prywatnosci","status":"publish","type":"page","link":"https:\/\/masfacades.com\/pl\/polityka-prywatnosci\/","title":{"rendered":"Polityka prywatno\u015bci"},"content":{"rendered":"\t\t<div data-elementor-type=\"wp-page\" data-elementor-id=\"21735\" class=\"elementor elementor-21735\">\n\t\t\t\t\t\t<section class=\"has_eae_slider wd-negative-gap elementor-section elementor-top-section elementor-element elementor-element-5ed0d23 elementor-section-boxed elementor-section-height-default elementor-section-height-default wd-section-disabled\" data-id=\"5ed0d23\" data-element_type=\"section\">\n\t\t\t\t\t\t<div class=\"elementor-container elementor-column-gap-default\">\n\t\t\t\t\t<div class=\"has_eae_slider elementor-column elementor-col-100 elementor-top-column elementor-element elementor-element-a497f84\" data-id=\"a497f84\" data-element_type=\"column\">\n\t\t\t<div class=\"elementor-widget-wrap elementor-element-populated\">\n\t\t\t\t\t\t<div class=\"elementor-element elementor-element-d04dc49 elementor-widget elementor-widget-wd_infobox\" data-id=\"d04dc49\" data-element_type=\"widget\" data-widget_type=\"wd_infobox.default\">\n\t\t\t\t<div class=\"elementor-widget-container\">\n\t\t\t\t\t<div class=\"info-box-wrapper\">\n\t\t\t<div class=\"wd-info-box text-center box-icon-align-top box-style-base color-scheme-\" >\n\t\t\t\t\t\t\t\t\t<div class=\"box-icon-wrapper  box-with-icon box-icon-simple\">\n\t\t\t\t\t\t<div class=\"info-box-icon\">\n\t\t\t\t\t\t\t\t\t\t\t\t\t\t\t<img decoding=\"async\" width=\"150\" height=\"150\" src=\"https:\/\/masfacades.com\/wp-content\/uploads\/2022\/09\/cropped-logo-MASDesign_BLACK_quadrat-150x150.png\" class=\"attachment-thumbnail size-thumbnail wp-image-13342\" alt=\"\" srcset=\"https:\/\/masfacades.com\/wp-content\/uploads\/2022\/09\/cropped-logo-MASDesign_BLACK_quadrat-150x150.png 150w, https:\/\/masfacades.com\/wp-content\/uploads\/2022\/09\/cropped-logo-MASDesign_BLACK_quadrat-300x300.png 300w, https:\/\/masfacades.com\/wp-content\/uploads\/2022\/09\/cropped-logo-MASDesign_BLACK_quadrat-430x430.png 430w, https:\/\/masfacades.com\/wp-content\/uploads\/2022\/09\/cropped-logo-MASDesign_BLACK_quadrat-270x270.png 270w, https:\/\/masfacades.com\/wp-content\/uploads\/2022\/09\/cropped-logo-MASDesign_BLACK_quadrat-192x192.png 192w, https:\/\/masfacades.com\/wp-content\/uploads\/2022\/09\/cropped-logo-MASDesign_BLACK_quadrat-180x180.png 180w, https:\/\/masfacades.com\/wp-content\/uploads\/2022\/09\/cropped-logo-MASDesign_BLACK_quadrat-32x32.png 32w, https:\/\/masfacades.com\/wp-content\/uploads\/2022\/09\/cropped-logo-MASDesign_BLACK_quadrat.png 512w\" sizes=\"(max-width: 150px) 100vw, 150px\">\t\t\t\t\t\t\t\t\t\t\t\t\t<\/div>\n\t\t\t\t\t<\/div>\n\t\t\t\t\n\t\t\t\t<div class=\"info-box-content\">\n\t\t\t\t\t\n\t\t\t\t\t\t\t\t\t\t\t<h4\t\t\t\t\t\tclass=\"info-box-title title box-title-style-default wd-fontsize-xl\" data-elementor-setting-key=\"title\">\n\t\t\t\t\t\t\t\tPOLITYKA PRYWATNO\u015aCI <br>NA STRONIE INTERNETOWEJ MAS DESIGN SP. Z O.O. \t\t\t\t\t\t<\/h4>\n\t\t\t\t\t\n\t\t\t\t\t<div class=\"info-box-inner set-cont-mb-s reset-last-child\"\n\t\t\t\t\t\t data-elementor-setting-key=\"content\">\n\t\t\t\t\t\t\t\t\t\t\t<\/div>\n\t\n\t\t\t\t\t\t\t\t\t<\/div>\n\t\t\t<\/div>\n\t\t<\/div>\n\t\t\t\t<\/div>\n\t\t\t\t<\/div>\n\t\t\t\t\t<\/div>\n\t\t<\/div>\n\t\t\t\t\t<\/div>\n\t\t<\/section>\n\t\t\t\t<section class=\"has_eae_slider wd-negative-gap elementor-section elementor-top-section elementor-element elementor-element-6bd7fd7e elementor-section-boxed elementor-section-height-default elementor-section-height-default wd-section-disabled\" data-id=\"6bd7fd7e\" data-element_type=\"section\">\n\t\t\t\t\t\t<div class=\"elementor-container elementor-column-gap-default\">\n\t\t\t\t\t<div class=\"has_eae_slider elementor-column elementor-col-100 elementor-top-column elementor-element elementor-element-16dab753\" data-id=\"16dab753\" data-element_type=\"column\">\n\t\t\t<div class=\"elementor-widget-wrap elementor-element-populated\">\n\t\t\t\t\t\t<div class=\"elementor-element elementor-element-507f12ce text-center color-scheme-inherit elementor-widget elementor-widget-text-editor\" data-id=\"507f12ce\" data-element_type=\"widget\" data-widget_type=\"text-editor.default\">\n\t\t\t\t<div class=\"elementor-widget-container\">\n\t\t\t\t\t\t\t<p style=\"text-align: left;\"><strong>Zgodno\u015b\u0107 z obowi\u0105zuj\u0105cymi przepisami<\/strong> <br \/>Zgodnie z Rozporz\u0105dzeniem Parlamentu Europejskiego i Rady Europy (UE) 2016\/679 z dnia 27 kwietnia 2016 r. w sprawie ochrony os\u00f3b fizycznych w zwi\u0105zku z przetwarzaniem danych osobowych i w sprawie swobodnego przep\u0142ywu takich danych oraz uchylenia dyrektywy 95\/46\/WE (og\u00f3lne rozporz\u0105dzenie o ochronie danych, RODO) Mas Design chroni ze szczeg\u00f3ln\u0105 staranno\u015bci\u0105 informacje uzyskane od u\u017cytkownik\u00f3w witryny i ich dane osobowe.<\/p>\n<p style=\"text-align: left;\"><strong>POLITYKA RODO &#8211; Ochrona danych osobowych <\/strong><br \/>MAS DESIGN Sp. z o.o. szanuje Pa\u0144stwa prywatno\u015b\u0107 i wie, jak wa\u017cna jest ochrona danych. W celu zapewnienia przejrzysto\u015bci sposobu wykorzystywania przez nas danych, zosta\u0142a stworzona niniejsza polityka. Opisuje ona w jaki spos\u00f3b zbieramy dane, przechowujemy je, przetwarzamy, udost\u0119pniamy i chronimy.   <\/p>\n<p style=\"text-align: left;\"><strong>Osoba odpowiedzialna za dane osobowe:<\/strong><br \/>Podmiotem odpowiedzialnym za Pa\u0144stwa dane osobowe jest sp\u00f3\u0142ka MAS DESIGN Sp. z o.o., w odniesieniu do kt\u00f3rej w dalszej cz\u0119\u015bci polityki u\u017cywa si\u0119 r\u00f3wnie\u017c pierwszej osoby liczby mnogiej (\u201emy\u201d, \u201enas\u201d, \u201enasz\u201d itp.). Poprzez \u201enas\u201d nale\u017cy rozumie\u0107 sp\u00f3\u0142k\u0119 MAS DESIGN sp. z o.o. b\u0119d\u0105c\u0105 administratorem w kontek\u015bcie przetwarzania Pa\u0144stwa danych osobowych. W przypadku dodatkowych pyta\u0144 na temat przetwarzania danych lub praw prosimy o kontakt pod adresem: info@masdesign.pl    <\/p>\n<p style=\"text-align: left;\"><strong>Zakres zbieranych danych osobowych: <\/strong><br \/>Mog\u0105 Pa\u0144stwo korzysta\u0107 z naszej strony internetowej bez podawania swoich danych osobowych. Zbieramy tylko takie dane, kt\u00f3re s\u0105 przekazywane w sytuacji bezpo\u015bredniego kontaktu z nami przez e-mail lub za po\u015brednictwem naszych us\u0142ug internetowych oraz w ramach procesu rekrutacji. W przypadku gdy jeste\u015bcie Pa\u0144stwo naszym klientem (w tym potencjalnym), zbieramy dane kontaktowe w zwi\u0105zku z naszymi us\u0142ugami. Ponadto przetwarzamy dane zebrane za pomoc\u0105 plik\u00f3w cookie. Informacje takie mog\u0105 obejmowa\u0107 witryny odwiedzane na naszej stronie internetowej, witryny odwiedzane przez nasz\u0105 stron\u0119 internetow\u0105 oraz czas trwania wizyty na naszej stronie internetowej.    <\/p>\n<p style=\"text-align: left;\"><strong>Cel przetwarzania danych osobowych: <\/strong><br \/>Zbierane dane osobowe s\u0105 wykorzystywane jedynie w zakresie niezb\u0119dnym do realizowania naszych dzia\u0142a\u0144, w kt\u00f3rych zakresie mie\u015bci si\u0119 wywi\u0105zywanie si\u0119 z zobowi\u0105za\u0144 wynikaj\u0105cych ze stosunku um\u00f3w, zapytaniami oraz komunikacj\u0105 zwi\u0105zan\u0105 z naszymi us\u0142ugami. Ponadto dane, kt\u00f3re wysy\u0142aj\u0105 Pa\u0144stwo do nas lub kt\u00f3re s\u0105 zbierane za pomoc\u0105 plik\u00f3w cookie, mog\u0105 by\u0107 przetwarzane w nast\u0119puj\u0105cych celach: statystycznych, identyfikacji danych demograficznych i danych o zainteresowaniach u\u017cytkownik\u00f3w witryny, ale bez mo\u017cliwo\u015bci identyfikacji u\u017cytkownika; dane przetwarzamy r\u00f3wnie\u017c w celu diagnozowania problem\u00f3w na naszych serwerach, administrowania nasz\u0105 stron\u0105 internetow\u0105 lub w innych celach, o kt\u00f3re prosi\u0142e\u015b lub si\u0119 zgodzi\u0142e\u015b, chyba \u017ce przepisy prawa stanowi\u0105 inaczej. <\/p>\n<p style=\"text-align: left;\"><strong>Udost\u0119pnianie danych podmiotom trzecim: <\/strong><br \/>Nie udost\u0119pniamy Pa\u0144stwa danych osobowych podmiotom trzecim w ramach naszej dzia\u0142alno\u015bci. Udost\u0119pnienie danych podmiotom trzecim wyst\u0119puje tylko w przypadku zlecenia mu niekt\u00f3rych czynno\u015bci. Udost\u0119pnienie Pa\u0144stwa danych podmiotom zewn\u0119trznym ma miejsce przy zastosowaniu odpowiedniej podstawy prawnej oraz przy u\u017cyciu adekwatnych zabezpiecze\u0144.  <\/p>\n<p style=\"text-align: left;\"><strong>Spos\u00f3b wykorzystywania danych osobowych wraz z podstaw\u0105 prawn\u0105<\/strong><br \/>Przetwarzanie Danych Osobowych w celach opisanych w niniejszym dokumencie odbywa si\u0119 na podstawie naszego prawnie uzasadnionego interesu polegaj\u0105cego na utrzymaniu relacji i komunikowaniu si\u0119 z Pa\u0144stwem w zwi\u0105zku z nawi\u0105zaniem kontaktu poprzez formularz na stronie i otrzymywaniem w ten spos\u00f3b Pa\u0144stwa Danych.<\/p>\n<p style=\"text-align: left;\"><strong>Przechowywanie danych <\/strong><br \/>Przechowujemy Pa\u0144stwa dane osobowe wy\u0142\u0105cznie na taki okres czasu, kt\u00f3ry jest niezb\u0119dny do cel\u00f3w, dla kt\u00f3rych zosta\u0142y zebrane, lub przez czas wynikaj\u0105cy z okre\u015blonych obowi\u0105zk\u00f3w prawnych b\u0105d\u017a zobowi\u0105za\u0144 umownych. Pa\u0144stwa dane osobowe s\u0105 przechowywane na naszych serwerach, kt\u00f3rymi sami zarz\u0105dzamy. Nasi partnerzy biznesowi, kt\u00f3rzy w niekt\u00f3rych przypadkach przechowuj\u0105 dla nas dane osobowe, zapewniaj\u0105 poziom ochrony r\u00f3wny co najmniej poziomowi, kt\u00f3ry zapewnia Mas Design. Nie przekazujemy danych osobowych w \u017cadnej formie, opr\u00f3cz firmy odpowiedzialnej za stron\u0119 internetow\u0105 Mas Design lub je\u015bli jest to wymagane przez uprawnione organy.   <\/p>\n<p style=\"text-align: left;\"><strong>Bezpiecze\u0144stwo<\/strong> <br \/>Stosujemy techniczne i organizacyjne \u015brodki bezpiecze\u0144stwa w celu ochrony Pa\u0144stwa danych osobowych przed utrat\u0105 dost\u0119pno\u015bci i poufno\u015bci. Ponadto k\u0142adziemy du\u017cy nacisk na zapewnienie integralno\u015bci danych. Nasze polityki bezpiecze\u0144stwa oraz procedury s\u0105 regularnie weryfikowane pod k\u0105tem prawid\u0142owego dzia\u0142ania, aby zapewni\u0107 jak najwy\u017csz\u0105 ochron\u0119 podczas przetwarzania danych osobowych.  <\/p>\n<p style=\"text-align: left;\"><strong>Uprawnienia <\/strong><br \/>Maj\u0105 Pa\u0144stwo pe\u0142ne prawo do tego, aby Pa\u0144stwa dane osobowe by\u0142y przetwarzane zgodnie z prawem, rzetelnie i w spos\u00f3b przejrzysty. Zgodnie z RODO, przys\u0142uguje Pa\u0144stwu:  <br \/>\u2022 prawo dost\u0119pu do swoich danych oraz otrzymania ich kopii; <br \/>\u2022 prawo do sprostowania (poprawiania) swoich danych; <br \/>\u2022 prawo do usuni\u0119cia danych, ograniczenia przetwarzania danych; <br \/>\u2022 prawo do wniesienia sprzeciwu wobec przetwarzania danych; <br \/>\u2022 prawo do przenoszenia danych; <br \/>\u2022 prawo do wniesienia skargi do organu nadzorczego. <br \/>Zgoda na przetwarzanie danych osobowych jest dobrowolna i mo\u017cna j\u0105 w dowolnym momencie wycofa\u0107 w ustawieniach zaawansowanych.<\/p>\n<p style=\"text-align: left;\"><strong>Skargi<\/strong> <br \/>W przypadku niezadowolenia z tego, w jaki spos\u00f3b przetwarzamy Pa\u0144stwa dane osobowe, maj\u0105 Pa\u0144stwo prawo wnie\u015b\u0107 skarg\u0119 do stosownego organu ochrony danych. Je\u017celi zauwa\u017cycie przypadki narusze\u0144 dotycz\u0105cych przetwarzania przez nas Pa\u0144stwa danych osobowych, prosimy o bezzw\u0142oczny kontakt pod adresem info@masdesign.pl <\/p><\/p>\n\t\t\t\t\t\t<\/div>\n\t\t\t\t<\/div>\n\t\t\t\t\t<\/div>\n\t\t<\/div>\n\t\t\t\t\t<\/div>\n\t\t<\/section>\n\t\t\t\t<\/div>\n\t\t","protected":false},"excerpt":{"rendered":"<p>POLITYKA PRYWATNO\u015aCI NA STRONIE INTERNETOWEJ MAS DESIGN SP. Z O.O. Zgodno\u015b\u0107 z obowi\u0105zuj\u0105cymi przepisami Zgodnie z Rozporz\u0105dzeniem Parlamentu Europejskiego i<\/p>\n","protected":false},"author":111,"featured_media":0,"parent":0,"menu_order":0,"comment_status":"closed","ping_status":"open","template":"","meta":{"footnotes":""},"class_list":["post-21735","page","type-page","status-publish","hentry"],"rankMath":{"parentDomain":"masfacades.com","noFollowDomains":[],"noFollowExcludeDomains":[],"noFollowExternalLinks":false,"featuredImageNotice":"Prezentowany obraz powinien mie\u0107 co najmniej 200 na 200 pikseli, aby m\u00f3g\u0142 go pobra\u0107 Facebook i inne serwisy spo\u0142eczno\u015bciowe.","pluginReviewed":false,"postSettings":{"linkSuggestions":true,"useFocusKeyword":false},"frontEndScore":false,"postName":"polityka-prywatnosci","permalinkFormat":"https:\/\/masfacades.com\/pl\/%pagename%\/","showLockModifiedDate":true,"assessor":{"focusKeywordLink":"https:\/\/masfacades.com\/wp-admin\/edit.php?focus_keyword=%focus_keyword%&post_type=%post_type%","hasTOCPlugin":true,"primaryTaxonomy":false,"serpData":{"title":"","description":"","focusKeywords":"","pillarContent":false,"canonicalUrl":"","breadcrumbTitle":"","advancedRobots":[],"facebookTitle":"","facebookDescription":"","facebookImage":"","facebookImageID":"","facebookHasOverlay":false,"facebookImageOverlay":"","facebookAuthor":"","twitterCardType":"","twitterUseFacebook":true,"twitterTitle":"","twitterDescription":"","twitterImage":"","twitterImageID":"","twitterHasOverlay":false,"twitterImageOverlay":"","twitterPlayerUrl":"","twitterPlayerSize":"","twitterPlayerStream":"","twitterPlayerStreamCtype":"","twitterAppDescription":"","twitterAppIphoneName":"","twitterAppIphoneID":"","twitterAppIphoneUrl":"","twitterAppIpadName":"","twitterAppIpadID":"","twitterAppIpadUrl":"","twitterAppGoogleplayName":"","twitterAppGoogleplayID":"","twitterAppGoogleplayUrl":"","twitterAppCountry":"","robots":{"index":true},"twitterAuthor":"u\u017cytkownik","primaryTerm":0,"authorName":"devtest","titleTemplate":"%title% %sep% %sitename%","descriptionTemplate":"%excerpt%","showScoreFrontend":true,"lockModifiedDate":false},"powerWords":[],"diacritics":{"A":"[\\u0041\\u24B6\\uFF21\\u00C0\\u00C1\\u00C2\\u1EA6\\u1EA4\\u1EAA\\u1EA8\\u00C3\\u0100\\u0102\\u1EB0\\u1EAE\\u1EB4\\u1EB2\\u0226\\u01E0\\u00C4\\u01DE\\u1EA2\\u00C5\\u01FA\\u01CD\\u0200\\u0202\\u1EA0\\u1EAC\\u1EB6\\u1E00\\u0104\\u023A\\u2C6F]","AA":"[\\uA732]","AE":"[\\u00C6\\u01FC\\u01E2]","AO":"[\\uA734]","AU":"[\\uA736]","AV":"[\\uA738\\uA73A]","AY":"[\\uA73C]","B":"[\\u0042\\u24B7\\uFF22\\u1E02\\u1E04\\u1E06\\u0243\\u0182\\u0181]","C":"[\\u0043\\u24B8\\uFF23\\u0106\\u0108\\u010A\\u010C\\u00C7\\u1E08\\u0187\\u023B\\uA73E]","D":"[\\u0044\\u24B9\\uFF24\\u1E0A\\u010E\\u1E0C\\u1E10\\u1E12\\u1E0E\\u0110\\u018B\\u018A\\u0189\\uA779]","DZ":"[\\u01F1\\u01C4]","Dz":"[\\u01F2\\u01C5]","E":"[\\u0045\\u24BA\\uFF25\\u00C8\\u00C9\\u00CA\\u1EC0\\u1EBE\\u1EC4\\u1EC2\\u1EBC\\u0112\\u1E14\\u1E16\\u0114\\u0116\\u00CB\\u1EBA\\u011A\\u0204\\u0206\\u1EB8\\u1EC6\\u0228\\u1E1C\\u0118\\u1E18\\u1E1A\\u0190\\u018E]","F":"[\\u0046\\u24BB\\uFF26\\u1E1E\\u0191\\uA77B]","G":"[\\u0047\\u24BC\\uFF27\\u01F4\\u011C\\u1E20\\u011E\\u0120\\u01E6\\u0122\\u01E4\\u0193\\uA7A0\\uA77D\\uA77E]","H":"[\\u0048\\u24BD\\uFF28\\u0124\\u1E22\\u1E26\\u021E\\u1E24\\u1E28\\u1E2A\\u0126\\u2C67\\u2C75\\uA78D]","I":"[\\u0049\\u24BE\\uFF29\\u00CC\\u00CD\\u00CE\\u0128\\u012A\\u012C\\u0130\\u00CF\\u1E2E\\u1EC8\\u01CF\\u0208\\u020A\\u1ECA\\u012E\\u1E2C\\u0197]","J":"[\\u004A\\u24BF\\uFF2A\\u0134\\u0248]","K":"[\\u004B\\u24C0\\uFF2B\\u1E30\\u01E8\\u1E32\\u0136\\u1E34\\u0198\\u2C69\\uA740\\uA742\\uA744\\uA7A2]","L":"[\\u004C\\u24C1\\uFF2C\\u013F\\u0139\\u013D\\u1E36\\u1E38\\u013B\\u1E3C\\u1E3A\\u0141\\u023D\\u2C62\\u2C60\\uA748\\uA746\\uA780]","LJ":"[\\u01C7]","Lj":"[\\u01C8]","M":"[\\u004D\\u24C2\\uFF2D\\u1E3E\\u1E40\\u1E42\\u2C6E\\u019C]","N":"[\\u004E\\u24C3\\uFF2E\\u01F8\\u0143\\u00D1\\u1E44\\u0147\\u1E46\\u0145\\u1E4A\\u1E48\\u0220\\u019D\\uA790\\uA7A4]","NJ":"[\\u01CA]","Nj":"[\\u01CB]","O":"[\\u004F\\u24C4\\uFF2F\\u00D2\\u00D3\\u00D4\\u1ED2\\u1ED0\\u1ED6\\u1ED4\\u00D5\\u1E4C\\u022C\\u1E4E\\u014C\\u1E50\\u1E52\\u014E\\u022E\\u0230\\u00D6\\u022A\\u1ECE\\u0150\\u01D1\\u020C\\u020E\\u01A0\\u1EDC\\u1EDA\\u1EE0\\u1EDE\\u1EE2\\u1ECC\\u1ED8\\u01EA\\u01EC\\u00D8\\u01FE\\u0186\\u019F\\uA74A\\uA74C]","OI":"[\\u01A2]","OO":"[\\uA74E]","OU":"[\\u0222]","P":"[\\u0050\\u24C5\\uFF30\\u1E54\\u1E56\\u01A4\\u2C63\\uA750\\uA752\\uA754]","Q":"[\\u0051\\u24C6\\uFF31\\uA756\\uA758\\u024A]","R":"[\\u0052\\u24C7\\uFF32\\u0154\\u1E58\\u0158\\u0210\\u0212\\u1E5A\\u1E5C\\u0156\\u1E5E\\u024C\\u2C64\\uA75A\\uA7A6\\uA782]","S":"[\\u0053\\u24C8\\uFF33\\u1E9E\\u015A\\u1E64\\u015C\\u1E60\\u0160\\u1E66\\u1E62\\u1E68\\u0218\\u015E\\u2C7E\\uA7A8\\uA784]","T":"[\\u0054\\u24C9\\uFF34\\u1E6A\\u0164\\u1E6C\\u021A\\u0162\\u1E70\\u1E6E\\u0166\\u01AC\\u01AE\\u023E\\uA786]","TZ":"[\\uA728]","U":"[\\u0055\\u24CA\\uFF35\\u00D9\\u00DA\\u00DB\\u0168\\u1E78\\u016A\\u1E7A\\u016C\\u00DC\\u01DB\\u01D7\\u01D5\\u01D9\\u1EE6\\u016E\\u0170\\u01D3\\u0214\\u0216\\u01AF\\u1EEA\\u1EE8\\u1EEE\\u1EEC\\u1EF0\\u1EE4\\u1E72\\u0172\\u1E76\\u1E74\\u0244]","V":"[\\u0056\\u24CB\\uFF36\\u1E7C\\u1E7E\\u01B2\\uA75E\\u0245]","VY":"[\\uA760]","W":"[\\u0057\\u24CC\\uFF37\\u1E80\\u1E82\\u0174\\u1E86\\u1E84\\u1E88\\u2C72]","X":"[\\u0058\\u24CD\\uFF38\\u1E8A\\u1E8C]","Y":"[\\u0059\\u24CE\\uFF39\\u1EF2\\u00DD\\u0176\\u1EF8\\u0232\\u1E8E\\u0178\\u1EF6\\u1EF4\\u01B3\\u024E\\u1EFE]","Z":"[\\u005A\\u24CF\\uFF3A\\u0179\\u1E90\\u017B\\u017D\\u1E92\\u1E94\\u01B5\\u0224\\u2C7F\\u2C6B\\uA762]","a":"[\\u0061\\u24D0\\uFF41\\u1E9A\\u00E0\\u00E1\\u00E2\\u1EA7\\u1EA5\\u1EAB\\u1EA9\\u00E3\\u0101\\u0103\\u1EB1\\u1EAF\\u1EB5\\u1EB3\\u0227\\u01E1\\u00E4\\u01DF\\u1EA3\\u00E5\\u01FB\\u01CE\\u0201\\u0203\\u1EA1\\u1EAD\\u1EB7\\u1E01\\u0105\\u2C65\\u0250]","aa":"[\\uA733]","ae":"[\\u00E6\\u01FD\\u01E3]","ao":"[\\uA735]","au":"[\\uA737]","av":"[\\uA739\\uA73B]","ay":"[\\uA73D]","b":"[\\u0062\\u24D1\\uFF42\\u1E03\\u1E05\\u1E07\\u0180\\u0183\\u0253]","c":"[\\u0063\\u24D2\\uFF43\\u0107\\u0109\\u010B\\u010D\\u00E7\\u1E09\\u0188\\u023C\\uA73F\\u2184]","d":"[\\u0064\\u24D3\\uFF44\\u1E0B\\u010F\\u1E0D\\u1E11\\u1E13\\u1E0F\\u0111\\u018C\\u0256\\u0257\\uA77A]","dz":"[\\u01F3\\u01C6]","e":"[\\u0065\\u24D4\\uFF45\\u00E8\\u00E9\\u00EA\\u1EC1\\u1EBF\\u1EC5\\u1EC3\\u1EBD\\u0113\\u1E15\\u1E17\\u0115\\u0117\\u00EB\\u1EBB\\u011B\\u0205\\u0207\\u1EB9\\u1EC7\\u0229\\u1E1D\\u0119\\u1E19\\u1E1B\\u0247\\u025B\\u01DD]","f":"[\\u0066\\u24D5\\uFF46\\u1E1F\\u0192\\uA77C]","g":"[\\u0067\\u24D6\\uFF47\\u01F5\\u011D\\u1E21\\u011F\\u0121\\u01E7\\u0123\\u01E5\\u0260\\uA7A1\\u1D79\\uA77F]","h":"[\\u0068\\u24D7\\uFF48\\u0125\\u1E23\\u1E27\\u021F\\u1E25\\u1E29\\u1E2B\\u1E96\\u0127\\u2C68\\u2C76\\u0265]","hv":"[\\u0195]","i":"[\\u0069\\u24D8\\uFF49\\u00EC\\u00ED\\u00EE\\u0129\\u012B\\u012D\\u00EF\\u1E2F\\u1EC9\\u01D0\\u0209\\u020B\\u1ECB\\u012F\\u1E2D\\u0268\\u0131]","j":"[\\u006A\\u24D9\\uFF4A\\u0135\\u01F0\\u0249]","k":"[\\u006B\\u24DA\\uFF4B\\u1E31\\u01E9\\u1E33\\u0137\\u1E35\\u0199\\u2C6A\\uA741\\uA743\\uA745\\uA7A3]","l":"[\\u006C\\u24DB\\uFF4C\\u0140\\u013A\\u013E\\u1E37\\u1E39\\u013C\\u1E3D\\u1E3B\\u017F\\u0142\\u019A\\u026B\\u2C61\\uA749\\uA781\\uA747]","lj":"[\\u01C9]","m":"[\\u006D\\u24DC\\uFF4D\\u1E3F\\u1E41\\u1E43\\u0271\\u026F]","n":"[\\u006E\\u24DD\\uFF4E\\u01F9\\u0144\\u00F1\\u1E45\\u0148\\u1E47\\u0146\\u1E4B\\u1E49\\u019E\\u0272\\u0149\\uA791\\uA7A5]","nj":"[\\u01CC]","o":"[\\u006F\\u24DE\\uFF4F\\u00F2\\u00F3\\u00F4\\u1ED3\\u1ED1\\u1ED7\\u1ED5\\u00F5\\u1E4D\\u022D\\u1E4F\\u014D\\u1E51\\u1E53\\u014F\\u022F\\u0231\\u00F6\\u022B\\u1ECF\\u0151\\u01D2\\u020D\\u020F\\u01A1\\u1EDD\\u1EDB\\u1EE1\\u1EDF\\u1EE3\\u1ECD\\u1ED9\\u01EB\\u01ED\\u00F8\\u01FF\\u0254\\uA74B\\uA74D\\u0275]","oi":"[\\u01A3]","ou":"[\\u0223]","oo":"[\\uA74F]","p":"[\\u0070\\u24DF\\uFF50\\u1E55\\u1E57\\u01A5\\u1D7D\\uA751\\uA753\\uA755]","q":"[\\u0071\\u24E0\\uFF51\\u024B\\uA757\\uA759]","r":"[\\u0072\\u24E1\\uFF52\\u0155\\u1E59\\u0159\\u0211\\u0213\\u1E5B\\u1E5D\\u0157\\u1E5F\\u024D\\u027D\\uA75B\\uA7A7\\uA783]","s":"[\\u0073\\u24E2\\uFF53\\u015B\\u1E65\\u015D\\u1E61\\u0161\\u1E67\\u1E63\\u1E69\\u0219\\u015F\\u023F\\uA7A9\\uA785\\u1E9B]","ss":"[\\u00DF]","t":"[\\u0074\\u24E3\\uFF54\\u1E6B\\u1E97\\u0165\\u1E6D\\u021B\\u0163\\u1E71\\u1E6F\\u0167\\u01AD\\u0288\\u2C66\\uA787]","tz":"[\\uA729]","u":"[\\u0075\\u24E4\\uFF55\\u00F9\\u00FA\\u00FB\\u0169\\u1E79\\u016B\\u1E7B\\u016D\\u00FC\\u01DC\\u01D8\\u01D6\\u01DA\\u1EE7\\u016F\\u0171\\u01D4\\u0215\\u0217\\u01B0\\u1EEB\\u1EE9\\u1EEF\\u1EED\\u1EF1\\u1EE5\\u1E73\\u0173\\u1E77\\u1E75\\u0289]","v":"[\\u0076\\u24E5\\uFF56\\u1E7D\\u1E7F\\u028B\\uA75F\\u028C]","vy":"[\\uA761]","w":"[\\u0077\\u24E6\\uFF57\\u1E81\\u1E83\\u0175\\u1E87\\u1E85\\u1E98\\u1E89\\u2C73]","x":"[\\u0078\\u24E7\\uFF58\\u1E8B\\u1E8D]","y":"[\\u0079\\u24E8\\uFF59\\u1EF3\\u00FD\\u0177\\u1EF9\\u0233\\u1E8F\\u00FF\\u1EF7\\u1E99\\u1EF5\\u01B4\\u024F\\u1EFF]","z":"[\\u007A\\u24E9\\uFF5A\\u017A\\u1E91\\u017C\\u017E\\u1E93\\u1E95\\u01B6\\u0225\\u0240\\u2C6C\\uA763]"},"researchesTests":["contentHasTOC","contentHasShortParagraphs","contentHasAssets","keywordInTitle","keywordInMetaDescription","keywordInPermalink","keywordIn10Percent","keywordInContent","keywordInSubheadings","keywordInImageAlt","keywordDensity","keywordNotUsed","lengthContent","lengthPermalink","linksHasInternal","linksHasExternals","linksNotAllExternals","titleStartWithKeyword","titleSentiment","titleHasPowerWords","titleHasNumber","hasContentAI"],"hasRedirection":true,"hasBreadcrumb":false},"homeUrl":"https:\/\/masfacades.com\/pl\/","objectID":21735,"objectType":"post","locale":"pl","localeFull":"pl_PL","overlayImages":{"play":{"name":"Ikona PLAY","url":"https:\/\/masfacades.com\/wp-content\/plugins\/seo-by-rank-math\/assets\/admin\/img\/icon-play.png","path":"\/home\/aruconcofj\/masfacades\/wp-content\/plugins\/seo-by-rank-math\/assets\/admin\/img\/icon-play.png","position":"middle_center"},"gif":{"name":"Ikona GIF","url":"https:\/\/masfacades.com\/wp-content\/plugins\/seo-by-rank-math\/assets\/admin\/img\/icon-gif.png","path":"\/home\/aruconcofj\/masfacades\/wp-content\/plugins\/seo-by-rank-math\/assets\/admin\/img\/icon-gif.png","position":"middle_center"}},"defautOgImage":"https:\/\/masfacades.com\/wp-content\/plugins\/seo-by-rank-math\/assets\/admin\/img\/social-placeholder.jpg","customPermalinks":true,"isUserRegistered":true,"autoSuggestKeywords":true,"connectSiteUrl":"https:\/\/rankmath.com\/auth?site=https%3A%2F%2Fmasfacades.com%2Fpl%2F&r=https%3A%2F%2Fmasfacades.com%2Fpl%2Fwp-json%2Fwp%2Fv2%2Fpages%2F21735%3Fnonce%3D4a0f405e7b&pro=1","maxTags":100,"trendsIcon":"<svg viewBox=\"0 0 610 610\"><path d=\"M18.85,446,174.32,290.48l58.08,58.08L76.93,504a14.54,14.54,0,0,1-20.55,0L18.83,466.48a14.54,14.54,0,0,1,0-20.55Z\" style=\"fill:#4285f4\"\/><path d=\"M242.65,242.66,377.59,377.6l-47.75,47.75a14.54,14.54,0,0,1-20.55,0L174.37,290.43l47.75-47.75A14.52,14.52,0,0,1,242.65,242.66Z\" style=\"fill:#ea4335\"\/><polygon points=\"319.53 319.53 479.26 159.8 537.34 217.88 377.61 377.62 319.53 319.53\" style=\"fill:#fabb05\"\/><path d=\"M594.26,262.73V118.61h0a16.94,16.94,0,0,0-16.94-16.94H433.2a16.94,16.94,0,0,0-12,28.92L565.34,274.71h0a16.94,16.94,0,0,0,28.92-12Z\" style=\"fill:#34a853\"\/><rect width=\"610\" height=\"610\" style=\"fill:none\"\/><\/svg>","showScore":true,"siteFavIcon":"https:\/\/masfacades.com\/wp-content\/uploads\/2023\/03\/cropped-logo-MASDesign_BLACK_quadrat_2-32x32.png","canUser":{"general":false,"advanced":false,"snippet":false,"social":false,"analysis":false,"analytics":false,"content_ai":false},"showKeywordIntent":true,"isPro":true,"is_front_page":false,"trendsUpgradeLink":"https:\/\/rankmath.com\/pricing\/?utm_source=Plugin&utm_medium=CE%20General%20Tab%20Trends&utm_campaign=WP","trendsUpgradeLabel":"Ulepszenie","trendsPreviewImage":"https:\/\/masfacades.com\/wp-content\/plugins\/seo-by-rank-math\/assets\/admin\/img\/trends-preview.jpg","currentEditor":false,"homepageData":{"assessor":{"powerWords":[],"diacritics":true,"researchesTests":["contentHasTOC","contentHasShortParagraphs","contentHasAssets","keywordInTitle","keywordInMetaDescription","keywordInPermalink","keywordIn10Percent","keywordInContent","keywordInSubheadings","keywordInImageAlt","keywordDensity","keywordNotUsed","lengthContent","lengthPermalink","linksHasInternal","linksHasExternals","linksNotAllExternals","titleStartWithKeyword","titleSentiment","titleHasPowerWords","titleHasNumber","hasContentAI"],"hasBreadcrumb":false,"serpData":{"title":"%sitename% %page% %sep% %sitedesc%","description":"","titleTemplate":"%sitename% %page% %sep% %sitedesc%","descriptionTemplate":"","focusKeywords":"","breadcrumbTitle":"Home","robots":{"index":true},"advancedRobots":[],"facebookTitle":"","facebookDescription":"","facebookImage":"","facebookImageID":""}}},"tocTitle":"Table of Contents","tocExcludeHeadings":[],"listStyle":"ul"},"_links":{"self":[{"href":"https:\/\/masfacades.com\/pl\/wp-json\/wp\/v2\/pages\/21735"}],"collection":[{"href":"https:\/\/masfacades.com\/pl\/wp-json\/wp\/v2\/pages"}],"about":[{"href":"https:\/\/masfacades.com\/pl\/wp-json\/wp\/v2\/types\/page"}],"author":[{"embeddable":true,"href":"https:\/\/masfacades.com\/pl\/wp-json\/wp\/v2\/users\/111"}],"replies":[{"embeddable":true,"href":"https:\/\/masfacades.com\/pl\/wp-json\/wp\/v2\/comments?post=21735"}],"version-history":[{"count":0,"href":"https:\/\/masfacades.com\/pl\/wp-json\/wp\/v2\/pages\/21735\/revisions"}],"wp:attachment":[{"href":"https:\/\/masfacades.com\/pl\/wp-json\/wp\/v2\/media?parent=21735"}],"curies":[{"name":"wp","href":"https:\/\/api.w.org\/{rel}","templated":true}]}}